{"id":188,"date":"2019-01-08T11:41:43","date_gmt":"2019-01-08T10:41:43","guid":{"rendered":"http:\/\/www.alconpress.it\/?page_id=188"},"modified":"2019-01-08T11:46:35","modified_gmt":"2019-01-08T10:46:35","slug":"note-legali-privacy-policy-cookies","status":"publish","type":"page","link":"https:\/\/www.alconpress.it\/it\/note-legali-privacy-policy-cookies\/","title":{"rendered":"Note legali, Privacy Policy, Cookies"},"content":{"rendered":"<div class=\"wpb-content-wrapper\"><p>[vc_row css_animation=&#8221;&#8221; row_type=&#8221;row&#8221; use_row_as_full_screen_section=&#8221;no&#8221; type=&#8221;full_width&#8221; angled_section=&#8221;no&#8221; text_align=&#8221;left&#8221; background_image_as_pattern=&#8221;without_pattern&#8221; css=&#8221;.vc_custom_1546944177435{margin-top: 268px !important;padding-bottom: 80px !important;}&#8221; z_index=&#8221;&#8221;][vc_column][vc_row_inner row_type=&#8221;row&#8221; type=&#8221;grid&#8221; text_align=&#8221;center&#8221; css_animation=&#8221;&#8221; css=&#8221;.vc_custom_1546944392260{padding-top: 70px !important;}&#8221;][vc_column_inner][vc_column_text]<\/p>\n<h1>Note legali, Privacy Policy, Cookies<\/h1>\n<p>[\/vc_column_text][vc_empty_space height=&#8221;40px&#8221;][\/vc_column_inner][\/vc_row_inner][vc_row_inner row_type=&#8221;row&#8221; type=&#8221;grid&#8221; text_align=&#8221;left&#8221; css_animation=&#8221;&#8221;][vc_column_inner][vc_column_text]<strong>INFORMATIVA PER IL TRATTAMENTO DEI DATI PERSONALI<\/strong><\/p>\n<p><strong>(ai sensi dell\u2019articolo 13 e 14 del Regolamento Europeo n. 679\/16)<\/strong><\/p>\n<p>&nbsp;<\/p>\n<p>Il sito della <strong>AL.CON.PRESS. S.r.l.\u00a0, <\/strong>fin dalla sua progettazione, intende garantire il rispetto dei principi sanciti dal Regolamento UE n. 2016\/679 relativo alla protezione delle persone fisiche con particolare riguardo al Trattamento dei Dati Personali, nessuno escluso, nonch\u00e9 alla libera circolazione dei medesimi anche nell\u2019interesse pubblico coerentemente con il diritto alla trasparenza.<\/p>\n<p>&nbsp;<\/p>\n<p>La <strong>AL.CON.PRESS. S.r.l.<\/strong>garantisce agli interessati la possibilit\u00e0 di interagire con il proprio portale per usufruire liberamente dei servizi richiesti come per esempio l\u2019invio di newsletter o informative per le quali l\u2019interessato ha espresso consapevolmente il consenso al trattamento.<\/p>\n<p>&nbsp;<\/p>\n<p>I dati personali trattati &#8211; eventualmente raccolti o forniti negli appositi form dal navigatore &#8211; ed ogni altro tipo di informazione pertinente, sono accessibili attraverso l\u2019indirizzo <strong>http:\/\/www.alconair.it\/<\/strong> corrispondente al sito ufficiale della <strong>AL.CON.PRESS. S.r.l.<\/strong><\/p>\n<p>&nbsp;<\/p>\n<p>Con la presente informativa la <strong>AL.CON.PRESS. S.r.l.<\/strong>, oltre a descrivere le modalit\u00e0 di libera fruizione del sito, intende informare gli utenti ed i navigatori anche riguardo al trattamento dei dati personali e alle relative garanzie riconosciute dalla legge, ai sensi dell\u2019art. 13 del predetto \u201cRegolamento&#8221;.<\/p>\n<p>&nbsp;<\/p>\n<p>Quest\u2019informativa \u00e8 resa esclusivamente per i dati personali contenuti o acquisiti durante la fruizione del sito della <strong>AL.CON.PRESS. S.r.l. <\/strong>e non per altri siti web (di cui AL.CON.PRESS. S.r.l. non \u00e8 responsabile o contitolare) che possono essere consultati dall\u2019utente tramite link.<\/p>\n<p>&nbsp;<\/p>\n<p><strong>Titolare del trattamento<\/strong><\/p>\n<p>Titolare del trattamento dei dati personali \u00e8 la <strong>AL.CON.PRESS. S.r.l. <\/strong>nella persona del Legale Rappresentante pro tempore, domiciliato per la carica presso la sede istituzionale, attualmente il nominativo del Titolare \u00e8 Carlo Cracco, reperibile a questo indirizzo: Via dell\u2019Emigrante 1, 36040 Brendola (VI) \u2013 Italy &#8211; Telefono: Tel: +39 0444 400097 &#8211; E-mail: <a href=\"mailto:info@alconair.it\">info@alconair.it<\/a><\/p>\n<p>&nbsp;<\/p>\n<p><strong>Finalit\u00e0 del trattamento e base giuridica<\/strong><\/p>\n<p>I dati personali verranno trattati coerentemente ai servizi offerti dalla <strong>AL.CON.PRESS. S.r.l.<\/strong> attraverso il proprio portale per garantire la fornitura di beni e servizi pertinenti all\u2019oggetto dello statuto sociale nonch\u00e9 per permettere l\u2019attivit\u00e0 commerciale di marketing diretto (attivit\u00e0 per la quale la societ\u00e0 dispone di idoneo Registro del trattamento contenente le categorie di soggetti a cui si riferiscono i dati personali.<\/p>\n<p>Nell\u2019ambito di tali finalit\u00e0 il trattamento riguarda anche i dati relativi alle registrazioni al portale necessari per la gestione dei rapporti con la <strong>AL.CON.PRESS. S.r.l.<\/strong>, nonch\u00e9 per consentire un\u2019efficace comunicazione istituzionale e per adempiere ad eventuali obblighi di legge, regolamentari o contrattuali.<\/p>\n<p>&nbsp;<\/p>\n<p><strong>Luogo e modalit\u00e0 del trattamento<\/strong><\/p>\n<p>I dati sono trattati esclusivamente nel Territorio Italiano da parte di personale istruito, formato e autorizzato al lecito trattamento dei dati secondo i principi di correttezza, liceit\u00e0, trasparenza, pertinenza e non eccedenza rispetto alle finalit\u00e0 di raccolta e di successivo trattamento.<\/p>\n<p>Il trattamento dei dati connessi ai servizi offerti dal sito della <strong>AL.CON.PRESS. S.r.l.<\/strong> avviene per il tempo strettamente necessario a conseguire le finalit\u00e0 prefissate dall\u2019utente stesso al quale sono riservate tutte le misure minime di sicurezza (e di riservatezza) volte a prevenire la perdita dei dati, usi illeciti o non corretti ovvero accessi non autorizzati.<\/p>\n<p>&nbsp;<\/p>\n<p>I dati personali forniti dagli utenti che si registrano o utilizzano i servizi del sito della <strong>AL.CON.PRESS. S.r.l.<\/strong> \u2013 quali <strong>nome, cognome, indirizzo e-mail, telefono, azienda e sito web<\/strong> &#8211; possono essere utilizzati per altre operazioni di trattamento in termini compatibili con gli scopi della raccolta come ad esempio l\u2019invio, mediante posta elettronica, di comunicazioni coerenti con il servizio offerto e richiesto.<\/p>\n<p>I dati personali degli utenti che richiedono documenti o materiale informativo (newsletter, risposte a quesiti, atti e provvedimenti, ecc.) sono utilizzati solo per eseguire il servizio o la prestazione richiesta e non sono oggetto di cessione o diffusione.<\/p>\n<p>&nbsp;<\/p>\n<p>Non \u00e8 previsto l\u2019uso di trattamenti automatizzati o processi decisionali automatizzati o volti a profilare il fruitore del sito istituzionale della <strong>AL.CON.PRESS. S.r.l.<\/strong><\/p>\n<p>&nbsp;<\/p>\n<p><strong>Tipologia dei dati trattati e destinatari<\/strong><\/p>\n<p>Le categorie dei dati trattati nonch\u00e9 le categorie dei destinatari a cui si riferiscono i dati sono riportate nel Registro dei Trattamenti disponibile presso la sede della <strong>AL.CON.PRESS. S.r.l.<\/strong><\/p>\n<p>&nbsp;<\/p>\n<p><strong>Periodo di conservazione<\/strong><\/p>\n<p>I dati verranno conservati per un periodo di tempo non superiore al conseguimento delle finalit\u00e0 sopra indicate (\u201cprincipio di limitazione della conservazione\u201d, art.5, del Regolamento UE) o in base alle scadenze previste dalle norme di legge.<\/p>\n<p>&nbsp;<\/p>\n<p><strong>Trasferimento dei dati all\u2019estero<\/strong><\/p>\n<p>I dati non vengono trasferiti a paesi terzi al di fuori dello Spazio Economico Europeo<\/p>\n<p>&nbsp;<\/p>\n<p><strong>DIRITTI DELL&#8217;INTERESSATO<\/strong><\/p>\n<p>I diritti dell\u2019interessato (rif. articoli 15\u00f721 del Regolamento UE) possono essere esercitati in qualsiasi momento e si riassumono nel diritto:<\/p>\n<ul>\n<li>di ottenere la conferma dell&#8217;esistenza o meno di un trattamento di dati personali che lo riguardano, e l&#8217;accesso agli stessi;<\/li>\n<li>di ottenere la rettifica dei dati senza ingiustificato ritardo, inclusa l&#8217;integrazione dei dati;<\/li>\n<li>di ottenere la cancellazione dei dati;<\/li>\n<li>di ottenere la limitazione del trattamento e la comunicazione di eventuale revoca della stessa;<\/li>\n<li>alla portabilit\u00e0 dei dati;<\/li>\n<li>di proporre reclamo a un\u2019autorit\u00e0 di controllo.<\/li>\n<\/ul>\n<p>&nbsp;<\/p>\n<p>Quanto sopra fatta salva l\u2019esistenza di motivi legittimi da parte del Titolare.[\/vc_column_text][\/vc_column_inner][\/vc_row_inner][\/vc_column][\/vc_row]<\/p>\n<\/div>","protected":false},"excerpt":{"rendered":"<p>[vc_row css_animation=&#8221;&#8221; row_type=&#8221;row&#8221; use_row_as_full_screen_section=&#8221;no&#8221; type=&#8221;full_width&#8221; angled_section=&#8221;no&#8221; text_align=&#8221;left&#8221; background_image_as_pattern=&#8221;without_pattern&#8221; css=&#8221;.vc_custom_1546944177435{margin-top: 268px !important;padding-bottom: 80px !important;}&#8221; z_index=&#8221;&#8221;][vc_column][vc_row_inner row_type=&#8221;row&#8221; type=&#8221;grid&#8221; text_align=&#8221;center&#8221; css_animation=&#8221;&#8221; css=&#8221;.vc_custom_1546944392260{padding-top: 70px !important;}&#8221;][vc_column_inner][vc_column_text] Note legali, Privacy Policy, Cookies [\/vc_column_text][vc_empty_space height=&#8221;40px&#8221;][\/vc_column_inner][\/vc_row_inner][vc_row_inner row_type=&#8221;row&#8221; type=&#8221;grid&#8221; text_align=&#8221;left&#8221; css_animation=&#8221;&#8221;][vc_column_inner][vc_column_text]INFORMATIVA PER IL TRATTAMENTO DEI DATI PERSONALI (ai sensi dell\u2019articolo 13 e 14 del Regolamento Europeo n. 679\/16) &nbsp; Il sito della AL.CON.PRESS. S.r.l.\u00a0, fin dalla sua progettazione, intende&#8230;<\/p>\n","protected":false},"author":2,"featured_media":0,"parent":0,"menu_order":0,"comment_status":"closed","ping_status":"closed","template":"full_width.php","meta":{"inline_featured_image":false,"footnotes":""},"class_list":["post-188","page","type-page","status-publish","hentry"],"yoast_head":"<!-- This site is optimized with the Yoast SEO plugin v27.5 - https:\/\/yoast.com\/product\/yoast-seo-wordpress\/ -->\n<title>Note legali, Privacy Policy, Cookies | AL.CON.PRESS. S.r.l.<\/title>\n<meta name=\"robots\" content=\"index, follow, max-snippet:-1, max-image-preview:large, max-video-preview:-1\" \/>\n<link rel=\"canonical\" href=\"https:\/\/www.alconpress.it\/it\/note-legali-privacy-policy-cookies\/\" \/>\n<meta property=\"og:locale\" content=\"it_IT\" \/>\n<meta property=\"og:type\" content=\"article\" \/>\n<meta property=\"og:title\" content=\"Note legali, Privacy Policy, Cookies | AL.CON.PRESS. S.r.l.\" \/>\n<meta property=\"og:description\" content=\"[vc_row css_animation=&#8221;&#8221; row_type=&#8221;row&#8221; use_row_as_full_screen_section=&#8221;no&#8221; type=&#8221;full_width&#8221; angled_section=&#8221;no&#8221; text_align=&#8221;left&#8221; background_image_as_pattern=&#8221;without_pattern&#8221; css=&#8221;.vc_custom_1546944177435{margin-top: 268px !important;padding-bottom: 80px !important;}&#8221; z_index=&#8221;&#8221;][vc_column][vc_row_inner row_type=&#8221;row&#8221; type=&#8221;grid&#8221; text_align=&#8221;center&#8221; css_animation=&#8221;&#8221; css=&#8221;.vc_custom_1546944392260{padding-top: 70px !important;}&#8221;][vc_column_inner][vc_column_text] Note legali, Privacy Policy, Cookies [\/vc_column_text][vc_empty_space height=&#8221;40px&#8221;][\/vc_column_inner][\/vc_row_inner][vc_row_inner row_type=&#8221;row&#8221; type=&#8221;grid&#8221; text_align=&#8221;left&#8221; css_animation=&#8221;&#8221;][vc_column_inner][vc_column_text]INFORMATIVA PER IL TRATTAMENTO DEI DATI PERSONALI (ai sensi dell\u2019articolo 13 e 14 del Regolamento Europeo n. 679\/16) &nbsp; Il sito della AL.CON.PRESS. S.r.l.\u00a0, fin dalla sua progettazione, intende...\" \/>\n<meta property=\"og:url\" content=\"https:\/\/www.alconpress.it\/it\/note-legali-privacy-policy-cookies\/\" \/>\n<meta property=\"og:site_name\" content=\"AL.CON.PRESS. S.r.l.\" \/>\n<meta property=\"article:modified_time\" content=\"2019-01-08T10:46:35+00:00\" \/>\n<meta name=\"twitter:card\" content=\"summary_large_image\" \/>\n<meta name=\"twitter:label1\" content=\"Tempo di lettura stimato\" \/>\n\t<meta name=\"twitter:data1\" content=\"5 minuti\" \/>\n<script type=\"application\/ld+json\" class=\"yoast-schema-graph\">{\"@context\":\"https:\\\/\\\/schema.org\",\"@graph\":[{\"@type\":\"WebPage\",\"@id\":\"https:\\\/\\\/www.alconpress.it\\\/it\\\/note-legali-privacy-policy-cookies\\\/\",\"url\":\"https:\\\/\\\/www.alconpress.it\\\/it\\\/note-legali-privacy-policy-cookies\\\/\",\"name\":\"Note legali, Privacy Policy, Cookies | AL.CON.PRESS. S.r.l.\",\"isPartOf\":{\"@id\":\"https:\\\/\\\/www.alconpress.it\\\/it\\\/#website\"},\"datePublished\":\"2019-01-08T10:41:43+00:00\",\"dateModified\":\"2019-01-08T10:46:35+00:00\",\"breadcrumb\":{\"@id\":\"https:\\\/\\\/www.alconpress.it\\\/it\\\/note-legali-privacy-policy-cookies\\\/#breadcrumb\"},\"inLanguage\":\"it-IT\",\"potentialAction\":[{\"@type\":\"ReadAction\",\"target\":[\"https:\\\/\\\/www.alconpress.it\\\/it\\\/note-legali-privacy-policy-cookies\\\/\"]}]},{\"@type\":\"BreadcrumbList\",\"@id\":\"https:\\\/\\\/www.alconpress.it\\\/it\\\/note-legali-privacy-policy-cookies\\\/#breadcrumb\",\"itemListElement\":[{\"@type\":\"ListItem\",\"position\":1,\"name\":\"Home\",\"item\":\"https:\\\/\\\/www.alconpress.it\\\/it\\\/\"},{\"@type\":\"ListItem\",\"position\":2,\"name\":\"Note legali, Privacy Policy, Cookies\"}]},{\"@type\":\"WebSite\",\"@id\":\"https:\\\/\\\/www.alconpress.it\\\/it\\\/#website\",\"url\":\"https:\\\/\\\/www.alconpress.it\\\/it\\\/\",\"name\":\"AL.CON.PRESS. S.r.l.\",\"description\":\"\",\"publisher\":{\"@id\":\"https:\\\/\\\/www.alconpress.it\\\/it\\\/#organization\"},\"potentialAction\":[{\"@type\":\"SearchAction\",\"target\":{\"@type\":\"EntryPoint\",\"urlTemplate\":\"https:\\\/\\\/www.alconpress.it\\\/it\\\/?s={search_term_string}\"},\"query-input\":{\"@type\":\"PropertyValueSpecification\",\"valueRequired\":true,\"valueName\":\"search_term_string\"}}],\"inLanguage\":\"it-IT\"},{\"@type\":\"Organization\",\"@id\":\"https:\\\/\\\/www.alconpress.it\\\/it\\\/#organization\",\"name\":\"AL.CON.PRESS. S.r.l.\",\"url\":\"https:\\\/\\\/www.alconpress.it\\\/it\\\/\",\"logo\":{\"@type\":\"ImageObject\",\"inLanguage\":\"it-IT\",\"@id\":\"https:\\\/\\\/www.alconpress.it\\\/it\\\/#\\\/schema\\\/logo\\\/image\\\/\",\"url\":\"https:\\\/\\\/www.alconpress.it\\\/wp-content\\\/uploads\\\/2019\\\/01\\\/logo.png\",\"contentUrl\":\"https:\\\/\\\/www.alconpress.it\\\/wp-content\\\/uploads\\\/2019\\\/01\\\/logo.png\",\"width\":350,\"height\":108,\"caption\":\"AL.CON.PRESS. S.r.l.\"},\"image\":{\"@id\":\"https:\\\/\\\/www.alconpress.it\\\/it\\\/#\\\/schema\\\/logo\\\/image\\\/\"}}]}<\/script>\n<!-- \/ Yoast SEO plugin. -->","yoast_head_json":{"title":"Note legali, Privacy Policy, Cookies | AL.CON.PRESS. S.r.l.","robots":{"index":"index","follow":"follow","max-snippet":"max-snippet:-1","max-image-preview":"max-image-preview:large","max-video-preview":"max-video-preview:-1"},"canonical":"https:\/\/www.alconpress.it\/it\/note-legali-privacy-policy-cookies\/","og_locale":"it_IT","og_type":"article","og_title":"Note legali, Privacy Policy, Cookies | AL.CON.PRESS. S.r.l.","og_description":"[vc_row css_animation=&#8221;&#8221; row_type=&#8221;row&#8221; use_row_as_full_screen_section=&#8221;no&#8221; type=&#8221;full_width&#8221; angled_section=&#8221;no&#8221; text_align=&#8221;left&#8221; background_image_as_pattern=&#8221;without_pattern&#8221; css=&#8221;.vc_custom_1546944177435{margin-top: 268px !important;padding-bottom: 80px !important;}&#8221; z_index=&#8221;&#8221;][vc_column][vc_row_inner row_type=&#8221;row&#8221; type=&#8221;grid&#8221; text_align=&#8221;center&#8221; css_animation=&#8221;&#8221; css=&#8221;.vc_custom_1546944392260{padding-top: 70px !important;}&#8221;][vc_column_inner][vc_column_text] Note legali, Privacy Policy, Cookies [\/vc_column_text][vc_empty_space height=&#8221;40px&#8221;][\/vc_column_inner][\/vc_row_inner][vc_row_inner row_type=&#8221;row&#8221; type=&#8221;grid&#8221; text_align=&#8221;left&#8221; css_animation=&#8221;&#8221;][vc_column_inner][vc_column_text]INFORMATIVA PER IL TRATTAMENTO DEI DATI PERSONALI (ai sensi dell\u2019articolo 13 e 14 del Regolamento Europeo n. 679\/16) &nbsp; Il sito della AL.CON.PRESS. S.r.l.\u00a0, fin dalla sua progettazione, intende...","og_url":"https:\/\/www.alconpress.it\/it\/note-legali-privacy-policy-cookies\/","og_site_name":"AL.CON.PRESS. S.r.l.","article_modified_time":"2019-01-08T10:46:35+00:00","twitter_card":"summary_large_image","twitter_misc":{"Tempo di lettura stimato":"5 minuti"},"schema":{"@context":"https:\/\/schema.org","@graph":[{"@type":"WebPage","@id":"https:\/\/www.alconpress.it\/it\/note-legali-privacy-policy-cookies\/","url":"https:\/\/www.alconpress.it\/it\/note-legali-privacy-policy-cookies\/","name":"Note legali, Privacy Policy, Cookies | AL.CON.PRESS. S.r.l.","isPartOf":{"@id":"https:\/\/www.alconpress.it\/it\/#website"},"datePublished":"2019-01-08T10:41:43+00:00","dateModified":"2019-01-08T10:46:35+00:00","breadcrumb":{"@id":"https:\/\/www.alconpress.it\/it\/note-legali-privacy-policy-cookies\/#breadcrumb"},"inLanguage":"it-IT","potentialAction":[{"@type":"ReadAction","target":["https:\/\/www.alconpress.it\/it\/note-legali-privacy-policy-cookies\/"]}]},{"@type":"BreadcrumbList","@id":"https:\/\/www.alconpress.it\/it\/note-legali-privacy-policy-cookies\/#breadcrumb","itemListElement":[{"@type":"ListItem","position":1,"name":"Home","item":"https:\/\/www.alconpress.it\/it\/"},{"@type":"ListItem","position":2,"name":"Note legali, Privacy Policy, Cookies"}]},{"@type":"WebSite","@id":"https:\/\/www.alconpress.it\/it\/#website","url":"https:\/\/www.alconpress.it\/it\/","name":"AL.CON.PRESS. S.r.l.","description":"","publisher":{"@id":"https:\/\/www.alconpress.it\/it\/#organization"},"potentialAction":[{"@type":"SearchAction","target":{"@type":"EntryPoint","urlTemplate":"https:\/\/www.alconpress.it\/it\/?s={search_term_string}"},"query-input":{"@type":"PropertyValueSpecification","valueRequired":true,"valueName":"search_term_string"}}],"inLanguage":"it-IT"},{"@type":"Organization","@id":"https:\/\/www.alconpress.it\/it\/#organization","name":"AL.CON.PRESS. S.r.l.","url":"https:\/\/www.alconpress.it\/it\/","logo":{"@type":"ImageObject","inLanguage":"it-IT","@id":"https:\/\/www.alconpress.it\/it\/#\/schema\/logo\/image\/","url":"https:\/\/www.alconpress.it\/wp-content\/uploads\/2019\/01\/logo.png","contentUrl":"https:\/\/www.alconpress.it\/wp-content\/uploads\/2019\/01\/logo.png","width":350,"height":108,"caption":"AL.CON.PRESS. S.r.l."},"image":{"@id":"https:\/\/www.alconpress.it\/it\/#\/schema\/logo\/image\/"}}]}},"_links":{"self":[{"href":"https:\/\/www.alconpress.it\/it\/wp-json\/wp\/v2\/pages\/188","targetHints":{"allow":["GET"]}}],"collection":[{"href":"https:\/\/www.alconpress.it\/it\/wp-json\/wp\/v2\/pages"}],"about":[{"href":"https:\/\/www.alconpress.it\/it\/wp-json\/wp\/v2\/types\/page"}],"author":[{"embeddable":true,"href":"https:\/\/www.alconpress.it\/it\/wp-json\/wp\/v2\/users\/2"}],"replies":[{"embeddable":true,"href":"https:\/\/www.alconpress.it\/it\/wp-json\/wp\/v2\/comments?post=188"}],"version-history":[{"count":4,"href":"https:\/\/www.alconpress.it\/it\/wp-json\/wp\/v2\/pages\/188\/revisions"}],"predecessor-version":[{"id":192,"href":"https:\/\/www.alconpress.it\/it\/wp-json\/wp\/v2\/pages\/188\/revisions\/192"}],"wp:attachment":[{"href":"https:\/\/www.alconpress.it\/it\/wp-json\/wp\/v2\/media?parent=188"}],"curies":[{"name":"wp","href":"https:\/\/api.w.org\/{rel}","templated":true}]}}