{"id":14,"date":"2019-01-04T15:53:28","date_gmt":"2019-01-04T14:53:28","guid":{"rendered":"http:\/\/www.alconpress.it\/?page_id=14"},"modified":"2023-07-20T14:52:34","modified_gmt":"2023-07-20T12:52:34","slug":"certificazioni","status":"publish","type":"page","link":"https:\/\/www.alconpress.it\/it\/certificazioni\/","title":{"rendered":"Certificazioni"},"content":{"rendered":"<p>[vc_row css_animation=&#8221;&#8221; row_type=&#8221;row&#8221; use_row_as_full_screen_section=&#8221;no&#8221; type=&#8221;full_width&#8221; angled_section=&#8221;no&#8221; text_align=&#8221;left&#8221; background_image_as_pattern=&#8221;without_pattern&#8221; css=&#8221;.vc_custom_1546875570725{margin-top: 268px !important;}&#8221; z_index=&#8221;&#8221;][vc_column][rev_slider_vc alias=&#8221;certificazioni-slider&#8221;][\/vc_column][\/vc_row][vc_row css_animation=&#8221;&#8221; row_type=&#8221;row&#8221; use_row_as_full_screen_section=&#8221;no&#8221; type=&#8221;full_width&#8221; angled_section=&#8221;no&#8221; text_align=&#8221;left&#8221; background_image_as_pattern=&#8221;without_pattern&#8221; css=&#8221;.vc_custom_1546876554480{padding-top: 70px !important;padding-bottom: 80px !important;}&#8221; z_index=&#8221;&#8221;][vc_column][vc_row_inner row_type=&#8221;row&#8221; type=&#8221;grid&#8221; text_align=&#8221;left&#8221; css_animation=&#8221;&#8221;][vc_column_inner width=&#8221;1\/2&#8243;][vc_column_text]<\/p>\n<h1>Certificazioni<\/h1>\n<p>[\/vc_column_text][vc_empty_space height=&#8221;20px&#8221;][vc_column_text]La sede operativa, che si estende su un\u2019area di <strong>13.000 m\u00b2<\/strong>, di cui 3.000 m\u00b2 coperti, oltre ad ottimizzare l\u2019intero ciclo produttivo \u00e8 stata concepita nel massimo rispetto e con particolare attenzione ad ogni aspetto di salvaguardia ambientale. In linea con quanto esposto, la societ\u00e0 ha un sistema di gestione qualit\u00e0, certificato in conformit\u00e0 con le specifiche <strong>UNI EN ISO 9001:2015<\/strong>.<\/p>\n<p>La societ\u00e0 adotta inoltre un sistema di gestione della sicurezza aziendale secondo le \u201cLinee Guida UNI INAIL\u201d e la \u201cGuida Operativa Lavoro Sicuro 2007\u201d.[\/vc_column_text][vc_empty_space height=&#8221;30px&#8221;][qode_elements_holder number_of_columns=&#8221;two_columns&#8221;][qode_elements_holder_item vertical_alignment=&#8221;middle&#8221; advanced_animations=&#8221;no&#8221;][vc_column_text]<strong>Certificazione ISO 9001:2015<\/strong>[\/vc_column_text][\/qode_elements_holder_item][qode_elements_holder_item vertical_alignment=&#8221;middle&#8221; advanced_animations=&#8221;no&#8221;]<a  itemprop=\"url\" href=\"\/wp-content\/uploads\/2023\/07\/ISO-9001-CERT-16349-2005-AQ-VEN-SINCERT-6-it-IT-20230529-20230529070900.pdf\" target=\"_blank\"  class=\"qbutton  default\" style=\"\">Scarica Certificato<\/a>[\/qode_elements_holder_item][\/qode_elements_holder][\/vc_column_inner][vc_column_inner width=&#8221;1\/2&#8243;][vc_single_image image=&#8221;386&#8243; img_size=&#8221;full&#8221; qode_css_animation=&#8221;&#8221;][\/vc_column_inner][\/vc_row_inner][\/vc_column][\/vc_row]<\/p>\n","protected":false},"excerpt":{"rendered":"<p>[vc_row css_animation=&#8221;&#8221; row_type=&#8221;row&#8221; use_row_as_full_screen_section=&#8221;no&#8221; type=&#8221;full_width&#8221; angled_section=&#8221;no&#8221; text_align=&#8221;left&#8221; background_image_as_pattern=&#8221;without_pattern&#8221; css=&#8221;.vc_custom_1546875570725{margin-top: 268px !important;}&#8221; z_index=&#8221;&#8221;][vc_column][rev_slider_vc alias=&#8221;certificazioni-slider&#8221;][\/vc_column][\/vc_row][vc_row css_animation=&#8221;&#8221; row_type=&#8221;row&#8221; use_row_as_full_screen_section=&#8221;no&#8221; type=&#8221;full_width&#8221; angled_section=&#8221;no&#8221; text_align=&#8221;left&#8221; background_image_as_pattern=&#8221;without_pattern&#8221; css=&#8221;.vc_custom_1546876554480{padding-top: 70px !important;padding-bottom: 80px !important;}&#8221; z_index=&#8221;&#8221;][vc_column][vc_row_inner row_type=&#8221;row&#8221; type=&#8221;grid&#8221; text_align=&#8221;left&#8221; css_animation=&#8221;&#8221;][vc_column_inner width=&#8221;1\/2&#8243;][vc_column_text] Certificazioni [\/vc_column_text][vc_empty_space height=&#8221;20px&#8221;][vc_column_text]La sede operativa, che si estende su un\u2019area di 13.000 m\u00b2, di cui 3.000 m\u00b2 coperti, oltre ad ottimizzare l\u2019intero ciclo produttivo \u00e8 stata concepita nel massimo&#8230;<\/p>\n","protected":false},"author":2,"featured_media":0,"parent":0,"menu_order":0,"comment_status":"closed","ping_status":"closed","template":"full_width.php","meta":{"inline_featured_image":false},"yoast_head":"<!-- This site is optimized with the Yoast SEO plugin v19.4 - https:\/\/yoast.com\/wordpress\/plugins\/seo\/ -->\n<title>Certificazioni | AL.CON.PRESS. S.r.l.<\/title>\n<meta name=\"description\" content=\"La societ\u00e0 ha un sistema di gestione qualit\u00e0, certificato con le specifiche UNI EN ISO 9001:2015\" \/>\n<meta name=\"robots\" content=\"index, follow, max-snippet:-1, max-image-preview:large, max-video-preview:-1\" \/>\n<link rel=\"canonical\" href=\"https:\/\/www.alconpress.it\/it\/certificazioni\/\" \/>\n<meta property=\"og:locale\" content=\"it_IT\" \/>\n<meta property=\"og:type\" content=\"article\" \/>\n<meta property=\"og:title\" content=\"Certificazioni | AL.CON.PRESS. S.r.l.\" \/>\n<meta property=\"og:description\" content=\"La societ\u00e0 ha un sistema di gestione qualit\u00e0, certificato con le specifiche UNI EN ISO 9001:2015\" \/>\n<meta property=\"og:url\" content=\"https:\/\/www.alconpress.it\/it\/certificazioni\/\" \/>\n<meta property=\"og:site_name\" content=\"AL.CON.PRESS. S.r.l.\" \/>\n<meta property=\"article:modified_time\" content=\"2023-07-20T12:52:34+00:00\" \/>\n<meta name=\"twitter:card\" content=\"summary_large_image\" \/>\n<meta name=\"twitter:label1\" content=\"Tempo di lettura stimato\" \/>\n\t<meta name=\"twitter:data1\" content=\"1 minuto\" \/>\n<script type=\"application\/ld+json\" class=\"yoast-schema-graph\">{\"@context\":\"https:\/\/schema.org\",\"@graph\":[{\"@type\":\"Organization\",\"@id\":\"https:\/\/www.alconpress.it\/it\/#organization\",\"name\":\"AL.CON.PRESS. S.r.l.\",\"url\":\"https:\/\/www.alconpress.it\/it\/\",\"sameAs\":[],\"logo\":{\"@type\":\"ImageObject\",\"inLanguage\":\"it-IT\",\"@id\":\"https:\/\/www.alconpress.it\/it\/#\/schema\/logo\/image\/\",\"url\":\"https:\/\/www.alconpress.it\/wp-content\/uploads\/2019\/01\/logo.png\",\"contentUrl\":\"https:\/\/www.alconpress.it\/wp-content\/uploads\/2019\/01\/logo.png\",\"width\":350,\"height\":108,\"caption\":\"AL.CON.PRESS. S.r.l.\"},\"image\":{\"@id\":\"https:\/\/www.alconpress.it\/it\/#\/schema\/logo\/image\/\"}},{\"@type\":\"WebSite\",\"@id\":\"https:\/\/www.alconpress.it\/it\/#website\",\"url\":\"https:\/\/www.alconpress.it\/it\/\",\"name\":\"AL.CON.PRESS. S.r.l.\",\"description\":\"\",\"publisher\":{\"@id\":\"https:\/\/www.alconpress.it\/it\/#organization\"},\"potentialAction\":[{\"@type\":\"SearchAction\",\"target\":{\"@type\":\"EntryPoint\",\"urlTemplate\":\"https:\/\/www.alconpress.it\/it\/?s={search_term_string}\"},\"query-input\":\"required name=search_term_string\"}],\"inLanguage\":\"it-IT\"},{\"@type\":\"WebPage\",\"@id\":\"https:\/\/www.alconpress.it\/it\/certificazioni\/\",\"url\":\"https:\/\/www.alconpress.it\/it\/certificazioni\/\",\"name\":\"Certificazioni | AL.CON.PRESS. S.r.l.\",\"isPartOf\":{\"@id\":\"https:\/\/www.alconpress.it\/it\/#website\"},\"datePublished\":\"2019-01-04T14:53:28+00:00\",\"dateModified\":\"2023-07-20T12:52:34+00:00\",\"description\":\"La societ\u00e0 ha un sistema di gestione qualit\u00e0, certificato con le specifiche UNI EN ISO 9001:2015\",\"breadcrumb\":{\"@id\":\"https:\/\/www.alconpress.it\/it\/certificazioni\/#breadcrumb\"},\"inLanguage\":\"it-IT\",\"potentialAction\":[{\"@type\":\"ReadAction\",\"target\":[\"https:\/\/www.alconpress.it\/it\/certificazioni\/\"]}]},{\"@type\":\"BreadcrumbList\",\"@id\":\"https:\/\/www.alconpress.it\/it\/certificazioni\/#breadcrumb\",\"itemListElement\":[{\"@type\":\"ListItem\",\"position\":1,\"name\":\"Home\",\"item\":\"https:\/\/www.alconpress.it\/it\/\"},{\"@type\":\"ListItem\",\"position\":2,\"name\":\"Certificazioni\"}]}]}<\/script>\n<!-- \/ Yoast SEO plugin. -->","yoast_head_json":{"title":"Certificazioni | AL.CON.PRESS. S.r.l.","description":"La societ\u00e0 ha un sistema di gestione qualit\u00e0, certificato con le specifiche UNI EN ISO 9001:2015","robots":{"index":"index","follow":"follow","max-snippet":"max-snippet:-1","max-image-preview":"max-image-preview:large","max-video-preview":"max-video-preview:-1"},"canonical":"https:\/\/www.alconpress.it\/it\/certificazioni\/","og_locale":"it_IT","og_type":"article","og_title":"Certificazioni | AL.CON.PRESS. S.r.l.","og_description":"La societ\u00e0 ha un sistema di gestione qualit\u00e0, certificato con le specifiche UNI EN ISO 9001:2015","og_url":"https:\/\/www.alconpress.it\/it\/certificazioni\/","og_site_name":"AL.CON.PRESS. S.r.l.","article_modified_time":"2023-07-20T12:52:34+00:00","twitter_card":"summary_large_image","twitter_misc":{"Tempo di lettura stimato":"1 minuto"},"schema":{"@context":"https:\/\/schema.org","@graph":[{"@type":"Organization","@id":"https:\/\/www.alconpress.it\/it\/#organization","name":"AL.CON.PRESS. S.r.l.","url":"https:\/\/www.alconpress.it\/it\/","sameAs":[],"logo":{"@type":"ImageObject","inLanguage":"it-IT","@id":"https:\/\/www.alconpress.it\/it\/#\/schema\/logo\/image\/","url":"https:\/\/www.alconpress.it\/wp-content\/uploads\/2019\/01\/logo.png","contentUrl":"https:\/\/www.alconpress.it\/wp-content\/uploads\/2019\/01\/logo.png","width":350,"height":108,"caption":"AL.CON.PRESS. S.r.l."},"image":{"@id":"https:\/\/www.alconpress.it\/it\/#\/schema\/logo\/image\/"}},{"@type":"WebSite","@id":"https:\/\/www.alconpress.it\/it\/#website","url":"https:\/\/www.alconpress.it\/it\/","name":"AL.CON.PRESS. S.r.l.","description":"","publisher":{"@id":"https:\/\/www.alconpress.it\/it\/#organization"},"potentialAction":[{"@type":"SearchAction","target":{"@type":"EntryPoint","urlTemplate":"https:\/\/www.alconpress.it\/it\/?s={search_term_string}"},"query-input":"required name=search_term_string"}],"inLanguage":"it-IT"},{"@type":"WebPage","@id":"https:\/\/www.alconpress.it\/it\/certificazioni\/","url":"https:\/\/www.alconpress.it\/it\/certificazioni\/","name":"Certificazioni | AL.CON.PRESS. S.r.l.","isPartOf":{"@id":"https:\/\/www.alconpress.it\/it\/#website"},"datePublished":"2019-01-04T14:53:28+00:00","dateModified":"2023-07-20T12:52:34+00:00","description":"La societ\u00e0 ha un sistema di gestione qualit\u00e0, certificato con le specifiche UNI EN ISO 9001:2015","breadcrumb":{"@id":"https:\/\/www.alconpress.it\/it\/certificazioni\/#breadcrumb"},"inLanguage":"it-IT","potentialAction":[{"@type":"ReadAction","target":["https:\/\/www.alconpress.it\/it\/certificazioni\/"]}]},{"@type":"BreadcrumbList","@id":"https:\/\/www.alconpress.it\/it\/certificazioni\/#breadcrumb","itemListElement":[{"@type":"ListItem","position":1,"name":"Home","item":"https:\/\/www.alconpress.it\/it\/"},{"@type":"ListItem","position":2,"name":"Certificazioni"}]}]}},"_links":{"self":[{"href":"https:\/\/www.alconpress.it\/it\/wp-json\/wp\/v2\/pages\/14"}],"collection":[{"href":"https:\/\/www.alconpress.it\/it\/wp-json\/wp\/v2\/pages"}],"about":[{"href":"https:\/\/www.alconpress.it\/it\/wp-json\/wp\/v2\/types\/page"}],"author":[{"embeddable":true,"href":"https:\/\/www.alconpress.it\/it\/wp-json\/wp\/v2\/users\/2"}],"replies":[{"embeddable":true,"href":"https:\/\/www.alconpress.it\/it\/wp-json\/wp\/v2\/comments?post=14"}],"version-history":[{"count":16,"href":"https:\/\/www.alconpress.it\/it\/wp-json\/wp\/v2\/pages\/14\/revisions"}],"predecessor-version":[{"id":389,"href":"https:\/\/www.alconpress.it\/it\/wp-json\/wp\/v2\/pages\/14\/revisions\/389"}],"wp:attachment":[{"href":"https:\/\/www.alconpress.it\/it\/wp-json\/wp\/v2\/media?parent=14"}],"curies":[{"name":"wp","href":"https:\/\/api.w.org\/{rel}","templated":true}]}}